{"id":1383,"date":"2022-02-16T16:14:11","date_gmt":"2022-02-16T15:14:11","guid":{"rendered":"https:\/\/www.for5134.science\/?page_id=1383"},"modified":"2022-12-14T09:49:40","modified_gmt":"2022-12-14T08:49:40","slug":"teilprojekt-tp4","status":"publish","type":"page","link":"https:\/\/www.for5134.science\/en\/teilprojekte\/teilprojekt-tp4\/","title":{"rendered":"Sub-project 4 &#8211; Multi-scale thermoplastic analysis in the solidification zone"},"content":{"rendered":"<h2>Motivation<\/h2>\n<p>By adding alloying elements steels with higher strengths and better formability can be produced. This often results in disadvantages with regard to weldability or the likelihood of crack occurrence. In order to represent and investigate the complex thermomechanical processes in the mushy zone during laser beam welding and the solidification region, which occur on the microscale, and to analyse their effect on the macroscale a multi-scale modelling approach is required. The challenges are the consideration of the multi-physical and multi-scale effects that influence in the process and the mapping of the time-variable microstructure of the solidification zone. For the development of an efficient process simulation software the cooperation of mechanics and mathematics is indispensable. Furthermore information on metallurgical properties on the microscale is needed to develop a meaningful model. The focus is on the development of a highly scalable software implementation of the FE<sup>2<\/sup>-method based on the combination of suitable material modelling and solution methods.<\/p>\n<figure id=\"attachment_1436\" aria-describedby=\"caption-attachment-1436\" style=\"width: 1131px\" class=\"wp-caption aligncenter\"><img loading=\"lazy\" decoding=\"async\" class=\"wp-image-1436 size-full\" src=\"https:\/\/www.for5134.science\/files\/2022\/02\/abbildung-schematische-darstellung-der-zweiskaligen-homogenisierung-auf-der-mesoskala_englisch.png\" alt=\"Schematic representation of the two-scale homogenization on the mesoscale (a), dendritic microstructure (b) from SP6, as a basis for constructing the SSRVEs (c) using appropriate statistical measures (d).\" width=\"1131\" height=\"622\" srcset=\"https:\/\/www.for5134.science\/files\/2022\/02\/abbildung-schematische-darstellung-der-zweiskaligen-homogenisierung-auf-der-mesoskala_englisch.png 1131w, https:\/\/www.for5134.science\/files\/2022\/02\/abbildung-schematische-darstellung-der-zweiskaligen-homogenisierung-auf-der-mesoskala_englisch-300x165.png 300w, https:\/\/www.for5134.science\/files\/2022\/02\/abbildung-schematische-darstellung-der-zweiskaligen-homogenisierung-auf-der-mesoskala_englisch-1024x563.png 1024w, https:\/\/www.for5134.science\/files\/2022\/02\/abbildung-schematische-darstellung-der-zweiskaligen-homogenisierung-auf-der-mesoskala_englisch-768x422.png 768w\" sizes=\"auto, (max-width: 1131px) 100vw, 1131px\" \/><figcaption id=\"caption-attachment-1436\" class=\"wp-caption-text\">Figure: Schematic representation of the two-scale homogenization on the mesoscale (a), dendritic microstructure (b) from sub-project 6, as a basis for constructing the SSRVEs (c) using appropriate statistical measures (d). Fig. 2b with kind permission of the AG Nestler, IDM. Source: Institut f\u00fcr Mechanik, Universit\u00e4t Duisburg-Essen (IfM), Lehrstuhl f\u00fcr Technische Mechanik, Technische Universit\u00e4t Kaiserslautern (LTM)<\/figcaption><\/figure>\n<h2>Objective<\/h2>\n<p>Within the scope of sub-project 4 (SP4), a multi-scale thermomechanically coupled model for laser beam welding will be developed. The process is considered on the mesoscale, which represents part of the macroscale in the mushy zone, and on the microscale, which refflects the dendritic microstructure in the solidification zone. The two-scale analysis is carried out using the FE<sup>2<\/sup>-method. The objective is to determine stress and strain distributions which play a crucial role in solidification crack initiation. In order to efficiently simulate microstructural effects the microstructure will be represented by a statistically similar relevant volume element (SSRVE). Since both, process control and the considered location, produce different microstructure variants, these will be analyzed and evaluated each for their crack sensitivity.<\/p>\n<h2>Work plan<\/h2>\n<p>For the process simulation of laser beam welding, a heat source model will be implemented in SP4, which will be calibrated with experimental data from sub-project 1 and sub-project 2. In the course of the sub-project, an interface for the integration of the thermofluid-dynamic weld pool model evolved in sub-project 3 will be developed and implemented. The material modelling of the liquid and solid phase fractions of the mushy zone is carried out via a thermodynamically consistent formulation within the framework of thermoelastoplasticity. The developed model will be implemented in the process simulation software environment in close exchange with sub-project 5 (SP5) and used for initial simulation studies at micro and meso levels. To represent the dendritic, variable microstructure in the mushy zone, the approach of SSRVEs will be extended. Data from the literature serve as a basis, which will later be replaced by data from the high-resolution phase field models from sub-project 6. The integration into the software environment for the multiscale simulation of the laser beam welding process will be done in close coordination with SP5. The software developed in this way provides information on stress and strain states in the material as a function of process control and can be used in studies to estimate susceptibility to solidification cracking.<\/p>\n<h4>Sub-project management<\/h4>\n<div class=\"fau-person thumb-size-large border\" itemscope itemtype=\"http:\/\/schema.org\/Person\">\n<div class=\"row\"><figure itemprop=\"image\" class=\"person-thumb\" aria-hidden=\"true\" role=\"presentation\" itemtype=\"http:\/\/schema.org\/ImageObject\"><a href=\"https:\/\/www.for5134.science\/person\/jp-dr-ing-lisa-scheunemann_en\/\" tabindex=\"-1\"><img loading=\"lazy\" decoding=\"async\" src=\"https:\/\/www.for5134.science\/files\/2022\/03\/bild_lisa-scheunemann_farbig-scaled-120x160.jpg\" itemprop=\"contentUrl\" alt=\"JP Dr.-Ing. Lisa Scheunemann_en\" width=\"120\" height=\"160\" sizes=\"auto, (max-width: 120px) 100vw, 120px\"><\/a><meta itemprop=\"identifier\" content=\"https:\/\/www.for5134.science\/person\/jp-dr-ing-lisa-scheunemann_en\/\"><meta itemprop=\"width\" content=\"120\"><meta itemprop=\"height\" content=\"160\"><\/figure><div class=\"person-default-thumb\"><h3><a href=\"https:\/\/mv.rptu.de\/fgs\/ltm\/lehrstuhl\/scheunemann\"><span itemprop=\"name\"><span class=\"fullname\"><span itemprop=\"givenName\">Jun.-Prof. Dr.-Ing. Lisa<\/span> <span itemprop=\"familyName\">Scheunemann<\/span><\/span><\/span><\/a><\/h3><div class=\"person-info\"><p itemprop=\"worksFor\" itemtype=\"http:\/\/schema.org\/Organization\"><span itemprop=\"name\">RPTU Kaiserslautern-Landau<\/span><br><span itemprop=\"department\">Chair of Applied Mechanics (LTM)<\/span><br><\/p><ul class=\"contactlist\"><li class=\"person-info-email email\"><span class=\"screen-reader-text\">E-Mail: <\/span><a itemprop=\"email\" href=\"mailto:lisa.scheunemann@rptu.de\">lisa.scheunemann@rptu.de<\/a><\/li><\/ul><\/div><\/div><\/div><\/div>\n<div class=\"fau-person thumb-size-large border\" itemscope itemtype=\"http:\/\/schema.org\/Person\">\n<div class=\"row\"><figure itemprop=\"image\" class=\"person-thumb\" aria-hidden=\"true\" role=\"presentation\" itemtype=\"http:\/\/schema.org\/ImageObject\"><a href=\"https:\/\/www.for5134.science\/person\/prof-dr-ing-joerg-schroeder_en\/\" tabindex=\"-1\"><img loading=\"lazy\" decoding=\"async\" src=\"https:\/\/www.for5134.science\/files\/2022\/02\/bild_joerg-schroeder-e1644499121888-120x160.jpg\" itemprop=\"contentUrl\" alt=\"Prof. Dr.-Ing. J\u00f6rg Schr\u00f6der_en\" width=\"120\" height=\"160\" srcset=\"https:\/\/www.for5134.science\/files\/2022\/02\/bild_joerg-schroeder-e1644499121888-120x160.jpg 120w, https:\/\/www.for5134.science\/files\/2022\/02\/bild_joerg-schroeder-e1644499121888.jpg 134w\" sizes=\"auto, (max-width: 120px) 100vw, 120px\"><\/a><meta itemprop=\"identifier\" content=\"https:\/\/www.for5134.science\/person\/prof-dr-ing-joerg-schroeder_en\/\"><meta itemprop=\"width\" content=\"120\"><meta itemprop=\"height\" content=\"160\"><\/figure><div class=\"person-default-thumb\"><h3><a href=\"https:\/\/www.uni-due.de\/mechanika\/personen_joerg_schroeder_englisch.shtml\"><span itemprop=\"name\"><span class=\"fullname\"><span itemprop=\"givenName\">Prof. Dr.-Ing. J\u00f6rg<\/span> <span itemprop=\"familyName\">Schr\u00f6der<\/span><\/span><\/span><\/a><\/h3><div class=\"person-info\"><p itemprop=\"worksFor\" itemtype=\"http:\/\/schema.org\/Organization\"><span itemprop=\"name\">Universit\u00e4t Duisburg-Essen (UDE)<\/span><br><span itemprop=\"department\">Institute of Mechanics (IfM)<\/span><br><\/p><ul class=\"contactlist\"><li class=\"person-info-email email\"><span class=\"screen-reader-text\">E-Mail: <\/span><a itemprop=\"email\" href=\"mailto:j.schroeder@uni-due.de\">j.schroeder@uni-due.de<\/a><\/li><\/ul><\/div><\/div><\/div><\/div>\n<h4>Sub-project researcher<\/h4>\n<div class=\"fau-person thumb-size-large border\" itemscope itemtype=\"http:\/\/schema.org\/Person\">\n<div class=\"row\"><figure itemprop=\"image\" class=\"person-thumb\" aria-hidden=\"true\" role=\"presentation\" itemtype=\"http:\/\/schema.org\/ImageObject\"><a href=\"https:\/\/www.for5134.science\/person\/philipp-hartwig_en\/\" tabindex=\"-1\"><img loading=\"lazy\" decoding=\"async\" src=\"https:\/\/www.for5134.science\/wp-content\/plugins\/fau-person\/images\/platzhalter-unisex.png\" itemprop=\"contentUrl\" alt=\"Philipp Hartwig_en\" width=\"120\" height=\"160\"><\/a><meta itemprop=\"identifier\" content=\"https:\/\/www.for5134.science\/person\/philipp-hartwig_en\/\"><meta itemprop=\"width\" content=\"120\"><meta itemprop=\"height\" content=\"160\"><\/figure><div class=\"person-default-thumb\"><h3><a href=\"https:\/\/www.uni-due.de\/mechanika\/personen_philipp_hartwig\"><span itemprop=\"name\"><span class=\"fullname\"><span itemprop=\"givenName\">Philipp<\/span> <span itemprop=\"familyName\">Hartwig<\/span><\/span>, <span itemprop=\"honorificSuffix\">M.Sc.<\/span><\/span><\/a><\/h3><div class=\"person-info\"><p itemprop=\"worksFor\" itemtype=\"http:\/\/schema.org\/Organization\"><span itemprop=\"name\">Universit\u00e4t Duisburg-Essen (UDE)<\/span><br><span itemprop=\"department\">Institute of Mechanics (IfM)<\/span><br><\/p><ul class=\"contactlist\"><li class=\"person-info-email email\"><span class=\"screen-reader-text\">E-Mail: <\/span><a itemprop=\"email\" href=\"mailto:philipp.hartwig.ph97@uni-due.de\">philipp.hartwig.ph97@uni-due.de<\/a><\/li><\/ul><\/div><\/div><\/div><\/div>\n","protected":false},"excerpt":{"rendered":"<p>Motivation By adding alloying elements steels with higher strengths and better formability can be produced. This often results in disadvantages with regard to weldability or the likelihood of crack occurrence.&hellip;<!--&hellip;--> <a class=\"more-link fa fa-angle-double-right\" href=\"https:\/\/www.for5134.science\/en\/teilprojekte\/teilprojekt-tp4\/\" title=\"Read more about &quot;Sub-project 4 - Multi-scale thermoplastic analysis in the solidification zone&quot;\"><\/a><\/p>\n","protected":false},"author":3020,"featured_media":0,"parent":1336,"menu_order":0,"comment_status":"closed","ping_status":"closed","template":"page-templates\/full-width.php","meta":{"_rrze_cache":"enabled","_rrze_multilang_single_locale":"en_GB","_rrze_multilang_single_source":"https:\/\/www.for5134.science\/?page_id=77","footnotes":""},"page_category":[],"page_tag":[],"class_list":["post-1383","page","type-page","status-publish","hentry","en-GB"],"_links":{"self":[{"href":"https:\/\/www.for5134.science\/wp-json\/wp\/v2\/pages\/1383","targetHints":{"allow":["GET"]}}],"collection":[{"href":"https:\/\/www.for5134.science\/wp-json\/wp\/v2\/pages"}],"about":[{"href":"https:\/\/www.for5134.science\/wp-json\/wp\/v2\/types\/page"}],"author":[{"embeddable":true,"href":"https:\/\/www.for5134.science\/wp-json\/wp\/v2\/users\/3020"}],"replies":[{"embeddable":true,"href":"https:\/\/www.for5134.science\/wp-json\/wp\/v2\/comments?post=1383"}],"version-history":[{"count":10,"href":"https:\/\/www.for5134.science\/wp-json\/wp\/v2\/pages\/1383\/revisions"}],"predecessor-version":[{"id":2125,"href":"https:\/\/www.for5134.science\/wp-json\/wp\/v2\/pages\/1383\/revisions\/2125"}],"up":[{"embeddable":true,"href":"https:\/\/www.for5134.science\/wp-json\/wp\/v2\/pages\/1336"}],"wp:attachment":[{"href":"https:\/\/www.for5134.science\/wp-json\/wp\/v2\/media?parent=1383"}],"wp:term":[{"taxonomy":"page_category","embeddable":true,"href":"https:\/\/www.for5134.science\/wp-json\/wp\/v2\/page_category?post=1383"},{"taxonomy":"page_tag","embeddable":true,"href":"https:\/\/www.for5134.science\/wp-json\/wp\/v2\/page_tag?post=1383"}],"curies":[{"name":"wp","href":"https:\/\/api.w.org\/{rel}","templated":true}]}}